{"id":75,"date":"2018-06-12T13:34:47","date_gmt":"2018-06-12T13:34:47","guid":{"rendered":"http:\/\/cms.neubrandenburger-stahlhandel.de\/?page_id=75"},"modified":"2018-06-22T07:51:18","modified_gmt":"2018-06-22T07:51:18","slug":"home","status":"publish","type":"page","link":"https:\/\/neubrandenburger-stahlhandel.de\/","title":{"rendered":"Willkommen"},"content":{"rendered":"<p><strong>bei der Neubrandenburger Stahlhandel und Bewehrungsbau GmbH<\/strong><\/p>\n<p>&nbsp;<\/p>\n<p><strong>Vertrauen Sie auf die Versiertheit und langj\u00e4hrige Erfahrung:<\/strong><\/p>\n<ul>\n<li>kompetente Beratung<\/li>\n<li>moderne Produktionstechnik<\/li>\n<li>reibungslose Abwicklung schnelle Lieferung durch flexiblen Fuhrpark<\/li>\n<li>auch mit Kranwagen m\u00f6glich<\/li>\n<li>laufende Qualit\u00e4ts- und Pr\u00fcfkontrolle der Stahlprodukte<\/li>\n<\/ul>\n<p>Gern bieten wir Ihnen einen Rund-um-Service und stehen Ihnen mit Informationen rund um das Stahlangebot und die Stahlverarbeitung zur Seite.<\/p>\n","protected":false},"excerpt":{"rendered":"<p>bei der Neubrandenburger Stahlhandel und Bewehrungsbau GmbH &nbsp; Vertrauen Sie auf die Versiertheit und langj\u00e4hrige Erfahrung: kompetente Beratung moderne Produktionstechnik reibungslose Abwicklung schnelle Lieferung durch flexiblen Fuhrpark auch mit Kranwagen m\u00f6glich laufende Qualit\u00e4ts- und Pr\u00fcfkontrolle der Stahlprodukte Gern bieten wir Ihnen einen Rund-um-Service und stehen Ihnen mit Informationen rund um das Stahlangebot und die Stahlverarbeitung [&hellip;]<\/p>\n","protected":false},"author":1,"featured_media":295,"parent":0,"menu_order":0,"comment_status":"closed","ping_status":"closed","template":"","meta":[],"_links":{"self":[{"href":"https:\/\/neubrandenburger-stahlhandel.de\/index.php?rest_route=\/wp\/v2\/pages\/75"}],"collection":[{"href":"https:\/\/neubrandenburger-stahlhandel.de\/index.php?rest_route=\/wp\/v2\/pages"}],"about":[{"href":"https:\/\/neubrandenburger-stahlhandel.de\/index.php?rest_route=\/wp\/v2\/types\/page"}],"author":[{"embeddable":true,"href":"https:\/\/neubrandenburger-stahlhandel.de\/index.php?rest_route=\/wp\/v2\/users\/1"}],"replies":[{"embeddable":true,"href":"https:\/\/neubrandenburger-stahlhandel.de\/index.php?rest_route=%2Fwp%2Fv2%2Fcomments&post=75"}],"version-history":[{"count":4,"href":"https:\/\/neubrandenburger-stahlhandel.de\/index.php?rest_route=\/wp\/v2\/pages\/75\/revisions"}],"predecessor-version":[{"id":103,"href":"https:\/\/neubrandenburger-stahlhandel.de\/index.php?rest_route=\/wp\/v2\/pages\/75\/revisions\/103"}],"wp:featuredmedia":[{"embeddable":true,"href":"https:\/\/neubrandenburger-stahlhandel.de\/index.php?rest_route=\/wp\/v2\/media\/295"}],"wp:attachment":[{"href":"https:\/\/neubrandenburger-stahlhandel.de\/index.php?rest_route=%2Fwp%2Fv2%2Fmedia&parent=75"}],"curies":[{"name":"wp","href":"https:\/\/api.w.org\/{rel}","templated":true}]}}