{"id":113,"date":"2018-06-13T06:50:46","date_gmt":"2018-06-13T06:50:46","guid":{"rendered":"http:\/\/cms.neubrandenburger-stahlhandel.de\/?page_id=113"},"modified":"2018-06-22T07:54:51","modified_gmt":"2018-06-22T07:54:51","slug":"unternehmen","status":"publish","type":"page","link":"https:\/\/neubrandenburger-stahlhandel.de\/?page_id=113","title":{"rendered":"Unternehmen"},"content":{"rendered":"<p>Als mittelst\u00e4ndischer Biegebetrieb, gegr\u00fcndet im Oktober 1998, beliefern wir namenhafte deutsche Bauunternehmen sowie Handwerker, aber auch den Privatmann vor Ort.<\/p>\n<p>Angefangen mit 12 sind teilweise nun bis zu 30 hochmotivierte Mitarbeiter in der Produktion t\u00e4tig.<\/p>\n<p>Dazu ein erfahrenes Team von 7 Angestellten zur L\u00f6sung Ihrer Probleme.<\/p>\n<p>Vom Einfamilienhaus bis hin zum Mehrfamilienhaus, von Br\u00fccken bis Umspannwerke haben wir schon mitgebaut.<\/p>\n<p>Verst\u00e4rkt durch die Energiewende findet man uns auch immer mehr im Windanlagenbau.<\/p>\n<p>Auch haben wir unser Angebot im Bezug auf den Stahlbau erweitert. Wir verf\u00fcgen \u00fcber ein breites Spektrum von Tr\u00e4gern bis zu R\u00f6hren,von Blechen bis zu Profilen.<\/p>\n","protected":false},"excerpt":{"rendered":"<p>Als mittelst\u00e4ndischer Biegebetrieb, gegr\u00fcndet im Oktober 1998, beliefern wir namenhafte deutsche Bauunternehmen sowie Handwerker, aber auch den Privatmann vor Ort. Angefangen mit 12 sind teilweise nun bis zu 30 hochmotivierte Mitarbeiter in der Produktion t\u00e4tig. Dazu ein erfahrenes Team von 7 Angestellten zur L\u00f6sung Ihrer Probleme. Vom Einfamilienhaus bis hin zum Mehrfamilienhaus, von Br\u00fccken bis [&hellip;]<\/p>\n","protected":false},"author":1,"featured_media":303,"parent":0,"menu_order":1,"comment_status":"closed","ping_status":"closed","template":"","meta":[],"_links":{"self":[{"href":"https:\/\/neubrandenburger-stahlhandel.de\/index.php?rest_route=\/wp\/v2\/pages\/113"}],"collection":[{"href":"https:\/\/neubrandenburger-stahlhandel.de\/index.php?rest_route=\/wp\/v2\/pages"}],"about":[{"href":"https:\/\/neubrandenburger-stahlhandel.de\/index.php?rest_route=\/wp\/v2\/types\/page"}],"author":[{"embeddable":true,"href":"https:\/\/neubrandenburger-stahlhandel.de\/index.php?rest_route=\/wp\/v2\/users\/1"}],"replies":[{"embeddable":true,"href":"https:\/\/neubrandenburger-stahlhandel.de\/index.php?rest_route=%2Fwp%2Fv2%2Fcomments&post=113"}],"version-history":[{"count":1,"href":"https:\/\/neubrandenburger-stahlhandel.de\/index.php?rest_route=\/wp\/v2\/pages\/113\/revisions"}],"predecessor-version":[{"id":114,"href":"https:\/\/neubrandenburger-stahlhandel.de\/index.php?rest_route=\/wp\/v2\/pages\/113\/revisions\/114"}],"wp:featuredmedia":[{"embeddable":true,"href":"https:\/\/neubrandenburger-stahlhandel.de\/index.php?rest_route=\/wp\/v2\/media\/303"}],"wp:attachment":[{"href":"https:\/\/neubrandenburger-stahlhandel.de\/index.php?rest_route=%2Fwp%2Fv2%2Fmedia&parent=113"}],"curies":[{"name":"wp","href":"https:\/\/api.w.org\/{rel}","templated":true}]}}